{"id":6758,"date":"2017-04-06T12:38:13","date_gmt":"2017-04-06T10:38:13","guid":{"rendered":"http:\/\/blog.empikfoto.pl\/?page_id=6758"},"modified":"2024-08-23T10:44:21","modified_gmt":"2024-08-23T08:44:21","slug":"strona-glowna","status":"publish","type":"page","link":"https:\/\/www.empikfoto.cz\/blog\/","title":{"rendered":"Strona g\u0142\u00f3wna"},"content":{"rendered":"","protected":false},"excerpt":{"rendered":"","protected":false},"author":26,"featured_media":0,"parent":0,"menu_order":0,"comment_status":"closed","ping_status":"closed","template":"homepage.php","meta":{"footnotes":""},"class_list":["post-6758","page","type-page","status-publish","hentry"],"yoast_head":"<!-- This site is optimized with the Yoast SEO plugin v23.2 - https:\/\/yoast.com\/wordpress\/plugins\/seo\/ -->\n<title>Blog Empik Foto | Nechte se inspirovat!<\/title>\n<meta name=\"description\" content=\"Empik Foto to jsou digit\u00e1ln\u00ed ti\u0161t\u011bn\u00e9 fotografie a fotod\u00e1rky nejvy\u0161\u0161\u00ed kvality. Mo\u017enosti jsou nekone\u010dn\u00e9 - limituje V\u00e1s pouze Va\u0161e fantazie!\" \/>\n<meta name=\"robots\" content=\"index, follow, max-snippet:-1, max-image-preview:large, max-video-preview:-1\" \/>\n<link rel=\"canonical\" href=\"https:\/\/www.empikfoto.cz\/blog\/\" \/>\n<meta property=\"og:locale\" content=\"pl_PL\" \/>\n<meta property=\"og:type\" content=\"article\" \/>\n<meta property=\"og:title\" content=\"Blog.empikfoto.cz | Nechte se inspirovat a darujte vzpom\u00ednky\" \/>\n<meta property=\"og:description\" content=\"Empik Foto to jsou digit\u00e1ln\u00ed ti\u0161t\u011bn\u00e9 fotografie a fotod\u00e1rky nejvy\u0161\u0161\u00ed kvality. Mo\u017enosti jsou nekone\u010dn\u00e9 - limituje V\u00e1s pouze Va\u0161e fantazie!\" \/>\n<meta property=\"og:url\" content=\"https:\/\/www.empikfoto.cz\/blog\/\" \/>\n<meta property=\"og:site_name\" content=\"blog.empikfoto.cz\" \/>\n<meta property=\"article:publisher\" content=\"https:\/\/www.facebook.com\/empikfotocz\/\" \/>\n<meta property=\"article:modified_time\" content=\"2024-08-23T08:44:21+00:00\" \/>\n<meta property=\"og:image\" content=\"https:\/\/www.empikfoto.cz\/blog\/empikfoto\/2021\/07\/narodeniny5.jpg\" \/>\n\t<meta property=\"og:image:width\" content=\"1672\" \/>\n\t<meta property=\"og:image:height\" content=\"1254\" \/>\n\t<meta property=\"og:image:type\" content=\"image\/jpeg\" \/>\n<meta name=\"twitter:card\" content=\"summary_large_image\" \/>\n<script type=\"application\/ld+json\" class=\"yoast-schema-graph\">{\"@context\":\"https:\/\/schema.org\",\"@graph\":[{\"@type\":\"WebPage\",\"@id\":\"https:\/\/www.empikfoto.cz\/blog\/\",\"url\":\"https:\/\/www.empikfoto.cz\/blog\/\",\"name\":\"Blog Empik Foto | Nechte se inspirovat!\",\"isPartOf\":{\"@id\":\"https:\/\/www.empikfoto.cz\/blog\/#website\"},\"datePublished\":\"2017-04-06T10:38:13+00:00\",\"dateModified\":\"2024-08-23T08:44:21+00:00\",\"description\":\"Empik Foto to jsou digit\u00e1ln\u00ed ti\u0161t\u011bn\u00e9 fotografie a fotod\u00e1rky nejvy\u0161\u0161\u00ed kvality. Mo\u017enosti jsou nekone\u010dn\u00e9 - limituje V\u00e1s pouze Va\u0161e fantazie!\",\"breadcrumb\":{\"@id\":\"https:\/\/www.empikfoto.cz\/blog\/#breadcrumb\"},\"inLanguage\":\"pl-PL\",\"potentialAction\":[{\"@type\":\"ReadAction\",\"target\":[\"https:\/\/www.empikfoto.cz\/blog\/\"]}]},{\"@type\":\"BreadcrumbList\",\"@id\":\"https:\/\/www.empikfoto.cz\/blog\/#breadcrumb\",\"itemListElement\":[{\"@type\":\"ListItem\",\"position\":1,\"name\":\"Strona g\u0142\u00f3wna\",\"item\":\"https:\/\/www.empikfoto.cz\/blog\/\"},{\"@type\":\"ListItem\",\"position\":2,\"name\":\"Strona g\u0142\u00f3wna\"}]},{\"@type\":\"WebSite\",\"@id\":\"https:\/\/www.empikfoto.cz\/blog\/#website\",\"url\":\"https:\/\/www.empikfoto.cz\/blog\/\",\"name\":\"blog.empikfoto.cz\",\"description\":\"Nechte se inspirovat a darujte vzpom\u00ednky\",\"potentialAction\":[{\"@type\":\"SearchAction\",\"target\":{\"@type\":\"EntryPoint\",\"urlTemplate\":\"https:\/\/www.empikfoto.cz\/blog\/?s={search_term_string}\"},\"query-input\":\"required name=search_term_string\"}],\"inLanguage\":\"pl-PL\"}]}<\/script>\n<!-- \/ Yoast SEO plugin. -->","yoast_head_json":{"title":"Blog Empik Foto | Nechte se inspirovat!","description":"Empik Foto to jsou digit\u00e1ln\u00ed ti\u0161t\u011bn\u00e9 fotografie a fotod\u00e1rky nejvy\u0161\u0161\u00ed kvality. Mo\u017enosti jsou nekone\u010dn\u00e9 - limituje V\u00e1s pouze Va\u0161e fantazie!","robots":{"index":"index","follow":"follow","max-snippet":"max-snippet:-1","max-image-preview":"max-image-preview:large","max-video-preview":"max-video-preview:-1"},"canonical":"https:\/\/www.empikfoto.cz\/blog\/","og_locale":"pl_PL","og_type":"article","og_title":"Blog.empikfoto.cz | Nechte se inspirovat a darujte vzpom\u00ednky","og_description":"Empik Foto to jsou digit\u00e1ln\u00ed ti\u0161t\u011bn\u00e9 fotografie a fotod\u00e1rky nejvy\u0161\u0161\u00ed kvality. Mo\u017enosti jsou nekone\u010dn\u00e9 - limituje V\u00e1s pouze Va\u0161e fantazie!","og_url":"https:\/\/www.empikfoto.cz\/blog\/","og_site_name":"blog.empikfoto.cz","article_publisher":"https:\/\/www.facebook.com\/empikfotocz\/","article_modified_time":"2024-08-23T08:44:21+00:00","og_image":[{"width":1672,"height":1254,"url":"https:\/\/www.empikfoto.cz\/blog\/empikfoto\/2021\/07\/narodeniny5.jpg","type":"image\/jpeg"}],"twitter_card":"summary_large_image","schema":{"@context":"https:\/\/schema.org","@graph":[{"@type":"WebPage","@id":"https:\/\/www.empikfoto.cz\/blog\/","url":"https:\/\/www.empikfoto.cz\/blog\/","name":"Blog Empik Foto | Nechte se inspirovat!","isPartOf":{"@id":"https:\/\/www.empikfoto.cz\/blog\/#website"},"datePublished":"2017-04-06T10:38:13+00:00","dateModified":"2024-08-23T08:44:21+00:00","description":"Empik Foto to jsou digit\u00e1ln\u00ed ti\u0161t\u011bn\u00e9 fotografie a fotod\u00e1rky nejvy\u0161\u0161\u00ed kvality. Mo\u017enosti jsou nekone\u010dn\u00e9 - limituje V\u00e1s pouze Va\u0161e fantazie!","breadcrumb":{"@id":"https:\/\/www.empikfoto.cz\/blog\/#breadcrumb"},"inLanguage":"pl-PL","potentialAction":[{"@type":"ReadAction","target":["https:\/\/www.empikfoto.cz\/blog\/"]}]},{"@type":"BreadcrumbList","@id":"https:\/\/www.empikfoto.cz\/blog\/#breadcrumb","itemListElement":[{"@type":"ListItem","position":1,"name":"Strona g\u0142\u00f3wna","item":"https:\/\/www.empikfoto.cz\/blog\/"},{"@type":"ListItem","position":2,"name":"Strona g\u0142\u00f3wna"}]},{"@type":"WebSite","@id":"https:\/\/www.empikfoto.cz\/blog\/#website","url":"https:\/\/www.empikfoto.cz\/blog\/","name":"blog.empikfoto.cz","description":"Nechte se inspirovat a darujte vzpom\u00ednky","potentialAction":[{"@type":"SearchAction","target":{"@type":"EntryPoint","urlTemplate":"https:\/\/www.empikfoto.cz\/blog\/?s={search_term_string}"},"query-input":"required name=search_term_string"}],"inLanguage":"pl-PL"}]}},"_links":{"self":[{"href":"https:\/\/www.empikfoto.cz\/blog\/wp-json\/wp\/v2\/pages\/6758","targetHints":{"allow":["GET"]}}],"collection":[{"href":"https:\/\/www.empikfoto.cz\/blog\/wp-json\/wp\/v2\/pages"}],"about":[{"href":"https:\/\/www.empikfoto.cz\/blog\/wp-json\/wp\/v2\/types\/page"}],"author":[{"embeddable":true,"href":"https:\/\/www.empikfoto.cz\/blog\/wp-json\/wp\/v2\/users\/26"}],"replies":[{"embeddable":true,"href":"https:\/\/www.empikfoto.cz\/blog\/wp-json\/wp\/v2\/comments?post=6758"}],"version-history":[{"count":1,"href":"https:\/\/www.empikfoto.cz\/blog\/wp-json\/wp\/v2\/pages\/6758\/revisions"}],"predecessor-version":[{"id":6759,"href":"https:\/\/www.empikfoto.cz\/blog\/wp-json\/wp\/v2\/pages\/6758\/revisions\/6759"}],"wp:attachment":[{"href":"https:\/\/www.empikfoto.cz\/blog\/wp-json\/wp\/v2\/media?parent=6758"}],"curies":[{"name":"wp","href":"https:\/\/api.w.org\/{rel}","templated":true}]}}